{"id":157,"date":"2018-05-26T17:38:17","date_gmt":"2018-05-26T17:38:17","guid":{"rendered":"http:\/\/abendrot-bodenmais.de\/?page_id=157"},"modified":"2018-05-27T04:46:01","modified_gmt":"2018-05-27T04:46:01","slug":"datenschutzerklaerung","status":"publish","type":"page","link":"http:\/\/abendrot-bodenmais.de\/?page_id=157","title":{"rendered":"Datenschutzerkl\u00e4rung"},"content":{"rendered":"<h2><strong>Wer wir sind<\/strong><\/h2>\n<p>Die Adresse unserer Website ist: http:\/\/abendrot-bodenmais.de.<\/p>\n<h2><strong>Welche personenbezogenen Daten wir sammeln und warum wir sie sammeln<\/strong><\/h2>\n<p>Neben der rein informatorischen Nutzung unserer Website bieten wir auch die M\u00f6glichkeit auf unserer Website an, mit uns direkt \u00fcber die Kontaktdaten in Verbindung zu treten und uns Ihr Anfrage mitzuteilen. Dazu m\u00fcssen Sie in der Regel weitere pers\u00f6nliche Daten angeben, die wir ausschlie\u00dflich zur Erbringung der jeweiligen Leistung nutzen. Dies sind folgende Daten:<\/p>\n<p>&#8211; Vor- und Nachname<br \/>\n&#8211; E-Mail-Adresse<br \/>\n&#8211; Anmerkungen<\/p>\n<p>Die f\u00fcr die Benutzung des Kontaktformulars von uns erhobenen personenbezogenen Daten werden nach Erledigung der von Ihnen gestellten Anfrage gel\u00f6scht.<\/p>\n","protected":false},"excerpt":{"rendered":"<p>Wer wir sind Die Adresse unserer Website ist: http:\/\/abendrot-bodenmais.de. Welche personenbezogenen Daten wir sammeln und warum wir sie sammeln Neben der rein informatorischen Nutzung unserer Website bieten wir auch die M\u00f6glichkeit auf unserer Website an, mit uns direkt \u00fcber die Kontaktdaten in Verbindung zu treten und uns Ihr Anfrage mitzuteilen. Dazu m\u00fcssen Sie in der &hellip; <\/p>\n<p class=\"link-more\"><a href=\"http:\/\/abendrot-bodenmais.de\/?page_id=157\" class=\"more-link\"><span class=\"screen-reader-text\">\u201eDatenschutzerkl\u00e4rung\u201c<\/span> weiterlesen<\/a><\/p>\n","protected":false},"author":1,"featured_media":0,"parent":0,"menu_order":0,"comment_status":"closed","ping_status":"closed","template":"","meta":{"ngg_post_thumbnail":0},"_links":{"self":[{"href":"http:\/\/abendrot-bodenmais.de\/index.php?rest_route=\/wp\/v2\/pages\/157"}],"collection":[{"href":"http:\/\/abendrot-bodenmais.de\/index.php?rest_route=\/wp\/v2\/pages"}],"about":[{"href":"http:\/\/abendrot-bodenmais.de\/index.php?rest_route=\/wp\/v2\/types\/page"}],"author":[{"embeddable":true,"href":"http:\/\/abendrot-bodenmais.de\/index.php?rest_route=\/wp\/v2\/users\/1"}],"replies":[{"embeddable":true,"href":"http:\/\/abendrot-bodenmais.de\/index.php?rest_route=%2Fwp%2Fv2%2Fcomments&post=157"}],"version-history":[{"count":6,"href":"http:\/\/abendrot-bodenmais.de\/index.php?rest_route=\/wp\/v2\/pages\/157\/revisions"}],"predecessor-version":[{"id":163,"href":"http:\/\/abendrot-bodenmais.de\/index.php?rest_route=\/wp\/v2\/pages\/157\/revisions\/163"}],"wp:attachment":[{"href":"http:\/\/abendrot-bodenmais.de\/index.php?rest_route=%2Fwp%2Fv2%2Fmedia&parent=157"}],"curies":[{"name":"wp","href":"https:\/\/api.w.org\/{rel}","templated":true}]}}